{"id":65,"date":"2024-03-05T17:17:00","date_gmt":"2024-03-05T17:17:00","guid":{"rendered":"https:\/\/lestisserandes.ch\/?page_id=65"},"modified":"2025-02-20T13:50:25","modified_gmt":"2025-02-20T13:50:25","slug":"cours","status":"publish","type":"page","link":"https:\/\/lestisserandes.ch\/index.php\/cours\/","title":{"rendered":"Cours de tissage"},"content":{"rendered":"\n<div class=\"wp-block-columns is-layout-flex wp-container-core-columns-is-layout-28f84493 wp-block-columns-is-layout-flex\">\n<div class=\"wp-block-column is-layout-flow wp-block-column-is-layout-flow\" style=\"flex-basis:100%\">\n<div class=\"wp-block-columns is-layout-flex wp-container-core-columns-is-layout-28f84493 wp-block-columns-is-layout-flex\">\n<div class=\"wp-block-column is-layout-flow wp-block-column-is-layout-flow\" style=\"flex-basis:100%\">\n<div class=\"wp-block-columns is-layout-flex wp-container-core-columns-is-layout-28f84493 wp-block-columns-is-layout-flex\">\n<div class=\"wp-block-column is-layout-flow wp-block-column-is-layout-flow\">\n<figure class=\"wp-block-image size-large\"><img loading=\"lazy\" decoding=\"async\" width=\"1024\" height=\"857\" src=\"https:\/\/lestisserandes.ch\/wp-content\/uploads\/2024\/03\/20240321_181003_low_res-1024x857.jpg\" alt=\"\" class=\"wp-image-92\" srcset=\"https:\/\/lestisserandes.ch\/wp-content\/uploads\/2024\/03\/20240321_181003_low_res-1024x857.jpg 1024w, https:\/\/lestisserandes.ch\/wp-content\/uploads\/2024\/03\/20240321_181003_low_res-300x251.jpg 300w, https:\/\/lestisserandes.ch\/wp-content\/uploads\/2024\/03\/20240321_181003_low_res-768x643.jpg 768w, https:\/\/lestisserandes.ch\/wp-content\/uploads\/2024\/03\/20240321_181003_low_res.jpg 1500w\" sizes=\"auto, (max-width: 1024px) 100vw, 1024px\" \/><\/figure>\n<\/div>\n\n\n\n<div class=\"wp-block-column is-layout-flow wp-block-column-is-layout-flow\">\n<p><strong>D\u00e9couvrez l&rsquo;Art du tissage manuel dans notre boutique-atelier au c\u0153ur de Lausanne, dans le quartier du Flon<\/strong><\/p>\n\n\n\n<p>Nous proposons des cours d&rsquo;initiation d&rsquo;une \u00e0 deux heures dans notre boutique-atelier pendant les heures d&rsquo;ouverture :<\/p>\n\n\n\n<ul class=\"wp-block-list\">\n<li>le mercredi entre 14h30 et 18h30<\/li>\n\n\n\n<li>le jeudi entre 14h30 et 18h30<\/li>\n\n\n\n<li>le samedi entre 11h00 et 16h00<\/li>\n<\/ul>\n\n\n\n<p><strong>Tarif et r\u00e9servation<\/strong><\/p>\n\n\n\n<p>Le prix de l&rsquo;atelier est de 40 CHF de l&rsquo;heure, mat\u00e9riel inclus.&nbsp;<\/p>\n\n\n\n<p>R\u00e9servez d\u00e8s maintenant en nous rendant visite \u00e0 notre boutique-atelier ou par email \u00e0 <a href=\"mailto:hello@lestisserandes.ch\">hello@lestisserandes.ch<\/a>.<\/p>\n<\/div>\n<\/div>\n<\/div>\n<\/div>\n<\/div>\n<\/div>\n\n\n\n<div style=\"height:10px\" aria-hidden=\"true\" class=\"wp-block-spacer\"><\/div>\n\n\n\n<div class=\"wp-block-group has-global-padding is-layout-constrained wp-block-group-is-layout-constrained\">\n<div class=\"wp-block-columns is-layout-flex wp-container-core-columns-is-layout-28f84493 wp-block-columns-is-layout-flex\">\n<div class=\"wp-block-column is-layout-flow wp-block-column-is-layout-flow\" style=\"flex-basis:100%\">\n<div class=\"wp-block-columns is-layout-flex wp-container-core-columns-is-layout-28f84493 wp-block-columns-is-layout-flex\">\n<div class=\"wp-block-column is-layout-flow wp-block-column-is-layout-flow\">\n<p><strong>Comment se d\u00e9roule l&rsquo;atelier ?<\/strong><\/p>\n\n\n\n<p>Nous avons actuellement un m\u00e9tier \u00e0 tisser \u00e0 p\u00e9dales pr\u00eat \u00e0 l&#8217;emploi, sur lequel un tissage est en cours. Vous n&rsquo;aurez plus qu&rsquo;\u00e0 vous installer et tisser en vous laissant guider, gr\u00e2ce aux conseils experts d&rsquo;une tisserande.<\/p>\n\n\n\n<p><strong>Qu&rsquo;apprendrez-vous pendant l&rsquo;atelier ?<\/strong><\/p>\n\n\n\n<p>Lors de l\u2019atelier, vous d\u00e9couvrirez les diff\u00e9rentes parties d&rsquo;un m\u00e9tier \u00e0 tisser, les gestes de base du tissage, ainsi que les diff\u00e9rentes mati\u00e8res disponibles (diff\u00e9rentes sortes de fils) et quelques armures (motifs de tissage).<\/p>\n\n\n\n<p>Nous avons h\u00e2te de partager cette exp\u00e9rience unique avec vous !<\/p>\n\n\n\n<div class=\"wp-block-columns is-layout-flex wp-container-core-columns-is-layout-28f84493 wp-block-columns-is-layout-flex\">\n<div class=\"wp-block-column is-layout-flow wp-block-column-is-layout-flow\" style=\"flex-basis:100%\"><\/div>\n<\/div>\n<\/div>\n\n\n\n<div class=\"wp-block-column is-layout-flow wp-block-column-is-layout-flow\">\n<figure class=\"wp-block-gallery has-nested-images columns-2 is-cropped wp-block-gallery-1 is-layout-flex wp-block-gallery-is-layout-flex\">\n<figure class=\"wp-block-image size-large\"><img loading=\"lazy\" decoding=\"async\" width=\"1024\" height=\"1024\" data-id=\"106\" src=\"https:\/\/lestisserandes.ch\/wp-content\/uploads\/2024\/03\/post_cours_04-1024x1024.jpg\" alt=\"\" class=\"wp-image-106\" srcset=\"https:\/\/lestisserandes.ch\/wp-content\/uploads\/2024\/03\/post_cours_04-1024x1024.jpg 1024w, https:\/\/lestisserandes.ch\/wp-content\/uploads\/2024\/03\/post_cours_04-300x300.jpg 300w, https:\/\/lestisserandes.ch\/wp-content\/uploads\/2024\/03\/post_cours_04-150x150.jpg 150w, https:\/\/lestisserandes.ch\/wp-content\/uploads\/2024\/03\/post_cours_04-768x768.jpg 768w, https:\/\/lestisserandes.ch\/wp-content\/uploads\/2024\/03\/post_cours_04.jpg 1080w\" sizes=\"auto, (max-width: 1024px) 100vw, 1024px\" \/><\/figure>\n\n\n\n<figure class=\"wp-block-image size-large\"><img loading=\"lazy\" decoding=\"async\" width=\"1024\" height=\"1024\" data-id=\"107\" src=\"https:\/\/lestisserandes.ch\/wp-content\/uploads\/2024\/03\/post_cours_05-1024x1024.jpg\" alt=\"\" class=\"wp-image-107\" srcset=\"https:\/\/lestisserandes.ch\/wp-content\/uploads\/2024\/03\/post_cours_05-1024x1024.jpg 1024w, https:\/\/lestisserandes.ch\/wp-content\/uploads\/2024\/03\/post_cours_05-300x300.jpg 300w, https:\/\/lestisserandes.ch\/wp-content\/uploads\/2024\/03\/post_cours_05-150x150.jpg 150w, https:\/\/lestisserandes.ch\/wp-content\/uploads\/2024\/03\/post_cours_05-768x768.jpg 768w, https:\/\/lestisserandes.ch\/wp-content\/uploads\/2024\/03\/post_cours_05.jpg 1080w\" sizes=\"auto, (max-width: 1024px) 100vw, 1024px\" \/><\/figure>\n\n\n\n<figure class=\"wp-block-image size-large\"><img loading=\"lazy\" decoding=\"async\" width=\"1024\" height=\"1024\" data-id=\"108\" src=\"https:\/\/lestisserandes.ch\/wp-content\/uploads\/2024\/03\/post_cours_07-1024x1024.jpg\" alt=\"\" class=\"wp-image-108\" srcset=\"https:\/\/lestisserandes.ch\/wp-content\/uploads\/2024\/03\/post_cours_07-1024x1024.jpg 1024w, https:\/\/lestisserandes.ch\/wp-content\/uploads\/2024\/03\/post_cours_07-300x300.jpg 300w, https:\/\/lestisserandes.ch\/wp-content\/uploads\/2024\/03\/post_cours_07-150x150.jpg 150w, https:\/\/lestisserandes.ch\/wp-content\/uploads\/2024\/03\/post_cours_07-768x768.jpg 768w, https:\/\/lestisserandes.ch\/wp-content\/uploads\/2024\/03\/post_cours_07.jpg 1080w\" sizes=\"auto, (max-width: 1024px) 100vw, 1024px\" \/><\/figure>\n\n\n\n<figure class=\"wp-block-image size-large\"><img loading=\"lazy\" decoding=\"async\" width=\"1024\" height=\"1024\" data-id=\"109\" src=\"https:\/\/lestisserandes.ch\/wp-content\/uploads\/2024\/03\/post_cours_06-1024x1024.jpg\" alt=\"\" class=\"wp-image-109\" srcset=\"https:\/\/lestisserandes.ch\/wp-content\/uploads\/2024\/03\/post_cours_06-1024x1024.jpg 1024w, https:\/\/lestisserandes.ch\/wp-content\/uploads\/2024\/03\/post_cours_06-300x300.jpg 300w, https:\/\/lestisserandes.ch\/wp-content\/uploads\/2024\/03\/post_cours_06-150x150.jpg 150w, https:\/\/lestisserandes.ch\/wp-content\/uploads\/2024\/03\/post_cours_06-768x768.jpg 768w, https:\/\/lestisserandes.ch\/wp-content\/uploads\/2024\/03\/post_cours_06.jpg 1080w\" sizes=\"auto, (max-width: 1024px) 100vw, 1024px\" \/><\/figure>\n<\/figure>\n<\/div>\n<\/div>\n<\/div>\n<\/div>\n<\/div>\n\n\n\n<div style=\"height:10px\" aria-hidden=\"true\" class=\"wp-block-spacer\"><\/div>\n\n\n\n<div class=\"wp-block-columns is-layout-flex wp-container-core-columns-is-layout-28f84493 wp-block-columns-is-layout-flex\">\n<div class=\"wp-block-column is-layout-flow wp-block-column-is-layout-flow\">\n<figure class=\"wp-block-image size-large\"><img loading=\"lazy\" decoding=\"async\" width=\"768\" height=\"1024\" src=\"https:\/\/lestisserandes.ch\/wp-content\/uploads\/2024\/03\/20240321_145405_low_res-768x1024.jpg\" alt=\"\" class=\"wp-image-93\" srcset=\"https:\/\/lestisserandes.ch\/wp-content\/uploads\/2024\/03\/20240321_145405_low_res-768x1024.jpg 768w, https:\/\/lestisserandes.ch\/wp-content\/uploads\/2024\/03\/20240321_145405_low_res-225x300.jpg 225w, https:\/\/lestisserandes.ch\/wp-content\/uploads\/2024\/03\/20240321_145405_low_res.jpg 1125w\" sizes=\"auto, (max-width: 768px) 100vw, 768px\" \/><\/figure>\n<\/div>\n\n\n\n<div class=\"wp-block-column is-layout-flow wp-block-column-is-layout-flow\">\n<figure class=\"wp-block-image size-full\"><img loading=\"lazy\" decoding=\"async\" width=\"1920\" height=\"2560\" src=\"https:\/\/lestisserandes.ch\/wp-content\/uploads\/2024\/09\/20240914_154301-scaled.jpg\" alt=\"\" class=\"wp-image-402\" srcset=\"https:\/\/lestisserandes.ch\/wp-content\/uploads\/2024\/09\/20240914_154301-scaled.jpg 1920w, https:\/\/lestisserandes.ch\/wp-content\/uploads\/2024\/09\/20240914_154301-225x300.jpg 225w, https:\/\/lestisserandes.ch\/wp-content\/uploads\/2024\/09\/20240914_154301-768x1024.jpg 768w, https:\/\/lestisserandes.ch\/wp-content\/uploads\/2024\/09\/20240914_154301-1152x1536.jpg 1152w, https:\/\/lestisserandes.ch\/wp-content\/uploads\/2024\/09\/20240914_154301-1536x2048.jpg 1536w\" sizes=\"auto, (max-width: 1920px) 100vw, 1920px\" \/><\/figure>\n<\/div>\n<\/div>\n\n\n\n<p><\/p>\n","protected":false},"excerpt":{"rendered":"<p>D\u00e9couvrez l&rsquo;Art du tissage manuel dans notre boutique-atelier au c\u0153ur de Lausanne, dans le quartier du Flon Nous proposons des cours d&rsquo;initiation d&rsquo;une \u00e0 deux heures dans notre boutique-atelier pendant les heures d&rsquo;ouverture : Tarif et r\u00e9servation Le prix de l&rsquo;atelier est de 40 CHF de l&rsquo;heure, mat\u00e9riel inclus.&nbsp; R\u00e9servez d\u00e8s maintenant en nous rendant [&hellip;]<\/p>\n","protected":false},"author":2,"featured_media":0,"parent":0,"menu_order":0,"comment_status":"closed","ping_status":"closed","template":"","meta":{"footnotes":""},"class_list":["post-65","page","type-page","status-publish","hentry"],"_links":{"self":[{"href":"https:\/\/lestisserandes.ch\/index.php\/wp-json\/wp\/v2\/pages\/65","targetHints":{"allow":["GET"]}}],"collection":[{"href":"https:\/\/lestisserandes.ch\/index.php\/wp-json\/wp\/v2\/pages"}],"about":[{"href":"https:\/\/lestisserandes.ch\/index.php\/wp-json\/wp\/v2\/types\/page"}],"author":[{"embeddable":true,"href":"https:\/\/lestisserandes.ch\/index.php\/wp-json\/wp\/v2\/users\/2"}],"replies":[{"embeddable":true,"href":"https:\/\/lestisserandes.ch\/index.php\/wp-json\/wp\/v2\/comments?post=65"}],"version-history":[{"count":20,"href":"https:\/\/lestisserandes.ch\/index.php\/wp-json\/wp\/v2\/pages\/65\/revisions"}],"predecessor-version":[{"id":455,"href":"https:\/\/lestisserandes.ch\/index.php\/wp-json\/wp\/v2\/pages\/65\/revisions\/455"}],"wp:attachment":[{"href":"https:\/\/lestisserandes.ch\/index.php\/wp-json\/wp\/v2\/media?parent=65"}],"curies":[{"name":"wp","href":"https:\/\/api.w.org\/{rel}","templated":true}]}}