{"id":554,"date":"2025-09-12T16:11:31","date_gmt":"2025-09-12T16:11:31","guid":{"rendered":"https:\/\/lestisserandes.ch\/?page_id=554"},"modified":"2025-09-12T16:11:31","modified_gmt":"2025-09-12T16:11:31","slug":"isabel-bustros-goumoens-le-jux-vd","status":"publish","type":"page","link":"https:\/\/lestisserandes.ch\/index.php\/isabel-bustros-goumoens-le-jux-vd\/","title":{"rendered":"Isabel Bustros &#8211; Goumo\u00ebns-le-Jux (VD)"},"content":{"rendered":"\n<figure class=\"wp-block-image alignleft size-full is-resized wp-duotone-duotone-1\"><img loading=\"lazy\" decoding=\"async\" width=\"2448\" height=\"2448\" src=\"https:\/\/lestisserandes.ch\/wp-content\/uploads\/2025\/09\/20250704_183927-edited.jpg\" alt=\"Isabel Bustros\" class=\"wp-image-556\" style=\"aspect-ratio:1;object-fit:cover;width:350px\" srcset=\"https:\/\/lestisserandes.ch\/wp-content\/uploads\/2025\/09\/20250704_183927-edited.jpg 2448w, https:\/\/lestisserandes.ch\/wp-content\/uploads\/2025\/09\/20250704_183927-edited-300x300.jpg 300w, https:\/\/lestisserandes.ch\/wp-content\/uploads\/2025\/09\/20250704_183927-edited-1024x1024.jpg 1024w, https:\/\/lestisserandes.ch\/wp-content\/uploads\/2025\/09\/20250704_183927-edited-150x150.jpg 150w, https:\/\/lestisserandes.ch\/wp-content\/uploads\/2025\/09\/20250704_183927-edited-768x768.jpg 768w, https:\/\/lestisserandes.ch\/wp-content\/uploads\/2025\/09\/20250704_183927-edited-1536x1536.jpg 1536w, https:\/\/lestisserandes.ch\/wp-content\/uploads\/2025\/09\/20250704_183927-edited-2048x2048.jpg 2048w\" sizes=\"auto, (max-width: 2448px) 100vw, 2448px\" \/><\/figure>\n\n\n\n<h4 class=\"wp-block-heading\"><a href=\"http:\/\/www.colorhug.ch\/\" target=\"_blank\" rel=\"noreferrer noopener\">www.colorhug.ch<\/a>, <a href=\"https:\/\/www.instagram.com\/colorhug.ch\/\" target=\"_blank\" rel=\"noreferrer noopener\">@colorhug.ch<\/a><\/h4>\n\n\n\n<p>Dipl\u00f4m\u00e9e de l\u2019Ecole des Arts D\u00e9coratifs de Gen\u00e8ve (aujourd\u2019hui HEAD) en Stylisme (Design Mode), elle a \u00e9galement suivi diverses formations dans la chaussure, le mod\u00e9lisme-toilisme (moulage de tissu au mannequin) et le tricot sur machines artisanales, tout en poursuivant un travail artistique personnel dans les arts visuels. Elle a travaill\u00e9 comme styliste-designer dans le pr\u00eat-porter et la chaussure \u00e0 Paris et Gen\u00e8ve.&nbsp;<\/p>\n\n\n\n<p>Pour ColorHug, tout a commenc\u00e9 un jour par le plaisir de tricoter une \u00e9charpe immense, toute douce aux couleurs vives et chatoyantes, puis celui de s\u2019y lover et de s\u2019y sentir r\u00e9confort\u00e9e&nbsp;! Et ensuite, l\u2019envie de partager ce plaisir&nbsp;!&nbsp;<\/p>\n\n\n\n<p>Chaque \u00e9charpe ColorHug est tricot\u00e9e \u00e0 la main ou sur une ancienne machine \u00e0 tricoter artisanale avec une attention m\u00e9ticuleuse au d\u00e9tail, chaque geste est ex\u00e9cut\u00e9 avec soin et passion, de la s\u00e9lection des mat\u00e9riaux \u00e0 la derni\u00e8re maille.<\/p>\n\n\n\n<p>Les fibres utilis\u00e9es sont naturelles et de haute qualit\u00e9 : la laine kidmohair, l&rsquo;alpaga et la soie apportent \u00e0 chaque pi\u00e8ce une douceur, une l\u00e9g\u00e8ret\u00e9 et une chaleur incomparables. Ces mati\u00e8res sont choisies pour leur beaut\u00e9 et leur \u00e9co-responsabilit\u00e9, afin de cr\u00e9er des \u00e9charpes non seulement luxueuses, mais aussi respectueuses de l\u2019environnement.<\/p>\n\n\n\n<p>Une \u00e9charpe n\u00e9cessite entre cinq et dix heures de travail minutieux, parfois plus pour les mod\u00e8les plus complexes. Que ce soit \u00e0 la main ou \u00e0 la machine artisanale, chaque maille, chaque d\u00e9tail est le fruit d\u2019un savoir-faire, de patience et d\u2019une passion in\u00e9branlable.<\/p>\n\n\n\n<h5 class=\"wp-block-heading\"><a href=\"https:\/\/lestisserandes.ch\/index.php\/creatrices\/\">&gt;&gt; retour \u00e0 la page cr\u00e9atrices<\/a><\/h5>\n\n\n\n<p><\/p>\n","protected":false},"excerpt":{"rendered":"<p>www.colorhug.ch, @colorhug.ch Dipl\u00f4m\u00e9e de l\u2019Ecole des Arts D\u00e9coratifs de Gen\u00e8ve (aujourd\u2019hui HEAD) en Stylisme (Design Mode), elle a \u00e9galement suivi diverses formations dans la chaussure, le mod\u00e9lisme-toilisme (moulage de tissu au mannequin) et le tricot sur machines artisanales, tout en poursuivant un travail artistique personnel dans les arts visuels. Elle a travaill\u00e9 comme styliste-designer dans [&hellip;]<\/p>\n","protected":false},"author":2,"featured_media":0,"parent":0,"menu_order":0,"comment_status":"closed","ping_status":"closed","template":"","meta":{"footnotes":""},"class_list":["post-554","page","type-page","status-publish","hentry"],"_links":{"self":[{"href":"https:\/\/lestisserandes.ch\/index.php\/wp-json\/wp\/v2\/pages\/554","targetHints":{"allow":["GET"]}}],"collection":[{"href":"https:\/\/lestisserandes.ch\/index.php\/wp-json\/wp\/v2\/pages"}],"about":[{"href":"https:\/\/lestisserandes.ch\/index.php\/wp-json\/wp\/v2\/types\/page"}],"author":[{"embeddable":true,"href":"https:\/\/lestisserandes.ch\/index.php\/wp-json\/wp\/v2\/users\/2"}],"replies":[{"embeddable":true,"href":"https:\/\/lestisserandes.ch\/index.php\/wp-json\/wp\/v2\/comments?post=554"}],"version-history":[{"count":1,"href":"https:\/\/lestisserandes.ch\/index.php\/wp-json\/wp\/v2\/pages\/554\/revisions"}],"predecessor-version":[{"id":557,"href":"https:\/\/lestisserandes.ch\/index.php\/wp-json\/wp\/v2\/pages\/554\/revisions\/557"}],"wp:attachment":[{"href":"https:\/\/lestisserandes.ch\/index.php\/wp-json\/wp\/v2\/media?parent=554"}],"curies":[{"name":"wp","href":"https:\/\/api.w.org\/{rel}","templated":true}]}}