{"id":475,"date":"2025-04-23T15:41:18","date_gmt":"2025-04-23T15:41:18","guid":{"rendered":"https:\/\/lestisserandes.ch\/?page_id=475"},"modified":"2025-12-29T16:16:17","modified_gmt":"2025-12-29T16:16:17","slug":"cours-de-tissage2025","status":"publish","type":"page","link":"https:\/\/lestisserandes.ch\/index.php\/cours-de-tissage2025\/","title":{"rendered":"Cours de tissage"},"content":{"rendered":"\n<div class=\"wp-block-columns is-layout-flex wp-container-core-columns-is-layout-28f84493 wp-block-columns-is-layout-flex\">\n<div class=\"wp-block-column is-layout-flow wp-block-column-is-layout-flow\" style=\"flex-basis:100%\">\n<div class=\"wp-block-columns is-layout-flex wp-container-core-columns-is-layout-28f84493 wp-block-columns-is-layout-flex\">\n<div class=\"wp-block-column is-layout-flow wp-block-column-is-layout-flow\" style=\"flex-basis:100%\">\n<div class=\"wp-block-columns is-layout-flex wp-container-core-columns-is-layout-28f84493 wp-block-columns-is-layout-flex\">\n<div class=\"wp-block-column is-layout-flow wp-block-column-is-layout-flow\">\n<figure class=\"wp-block-image size-large\"><img loading=\"lazy\" decoding=\"async\" width=\"1024\" height=\"857\" src=\"https:\/\/lestisserandes.ch\/wp-content\/uploads\/2024\/03\/20240321_181003_low_res-1024x857.jpg\" alt=\"\" class=\"wp-image-92\" srcset=\"https:\/\/lestisserandes.ch\/wp-content\/uploads\/2024\/03\/20240321_181003_low_res-1024x857.jpg 1024w, https:\/\/lestisserandes.ch\/wp-content\/uploads\/2024\/03\/20240321_181003_low_res-300x251.jpg 300w, https:\/\/lestisserandes.ch\/wp-content\/uploads\/2024\/03\/20240321_181003_low_res-768x643.jpg 768w, https:\/\/lestisserandes.ch\/wp-content\/uploads\/2024\/03\/20240321_181003_low_res.jpg 1500w\" sizes=\"auto, (max-width: 1024px) 100vw, 1024px\" \/><\/figure>\n<\/div>\n\n\n\n<div class=\"wp-block-column is-layout-flow wp-block-column-is-layout-flow\">\n<h2 class=\"wp-block-heading\">D\u00e9couvrez l&rsquo;Art du tissage manuel chez les tisserandes<\/h2>\n\n\n\n<p><strong>Vous avez toujours r\u00eav\u00e9 d&rsquo;essayer un m\u00e9tier \u00e0 tisser ? Nous proposons des cours d&rsquo;initiation individuels d&rsquo;une dur\u00e9e d&rsquo;une \u00e0 deux heures avec <a href=\"https:\/\/lestisserandes.ch\/index.php\/creatrice-manon-koopman\/\" data-type=\"page\" data-id=\"313\">Manon<\/a><\/strong>.<br><br>Il n&rsquo;est d\u00e9sormais plus possible de venir prendre des cours de tissage \u00e0 la boutique, car nous d\u00e9finitivement le 03 janvier. <\/p>\n\n\n\n<p><strong>Manon continuera ensuite \u00e0 donner des cours de tissage dans son atelier \u00e0 Rue (canton de Fribourg), d\u00e8s f\u00e9vrier\/mars 2026. Plus d&rsquo;infos sur ce <a href=\"https:\/\/manonkoopman.ch\/cours\/\">lien<\/a>.<\/strong><\/p>\n<\/div>\n<\/div>\n<\/div>\n<\/div>\n<\/div>\n<\/div>\n\n\n\n<div style=\"height:10px\" aria-hidden=\"true\" class=\"wp-block-spacer\"><\/div>\n\n\n\n<div class=\"wp-block-group has-global-padding is-layout-constrained wp-block-group-is-layout-constrained\">\n<div class=\"wp-block-columns is-layout-flex wp-container-core-columns-is-layout-28f84493 wp-block-columns-is-layout-flex\">\n<div class=\"wp-block-column is-layout-flow wp-block-column-is-layout-flow\" style=\"flex-basis:100%\">\n<div class=\"wp-block-columns is-layout-flex wp-container-core-columns-is-layout-28f84493 wp-block-columns-is-layout-flex\">\n<div class=\"wp-block-column is-layout-flow wp-block-column-is-layout-flow\">\n<p><strong>Tarif et r\u00e9servation<\/strong><\/p>\n\n\n\n<p>Le prix du cours est de 40 CHF de l&rsquo;heure, mat\u00e9riel inclus.&nbsp;<\/p>\n\n\n\n<p>R\u00e9servez par <a href=\"hello@lestisserandes.ch\">mail<\/a>, par t\u00e9l\u00e9phone au 077 508 20 41 ou en nous rendant visite \u00e0 notre boutique-atelier.<\/p>\n\n\n\n<p><strong>Comment se d\u00e9roule l&rsquo;atelier ?<\/strong><\/p>\n\n\n\n<p>Il y a actuellement un m\u00e9tier \u00e0 tisser pr\u00eat \u00e0 l&#8217;emploi (m\u00e9tier \u00e0 manettes), sur lequel un tissage est en cours. Vous n&rsquo;aurez plus qu&rsquo;\u00e0 vous installer et tisser en vous laissant guider.<\/p>\n\n\n\n<p><strong>Qu&rsquo;apprend-on pendant l&rsquo;atelier ?<\/strong><\/p>\n\n\n\n<p>Lors de l\u2019atelier, vous d\u00e9couvrirez les diff\u00e9rentes parties d&rsquo;un m\u00e9tier \u00e0 tisser, les gestes de base du tissage, ainsi que les diff\u00e9rentes mati\u00e8res disponibles (diff\u00e9rentes sortes de fils) et quelques armures (motifs de tissage).<\/p>\n\n\n\n<p><strong>Peut-on venir \u00e0 plusieurs ?<\/strong><\/p>\n\n\n\n<p>Non, car il n&rsquo;y a actuellement plus qu&rsquo;un seul m\u00e9tier \u00e0 tisser de libre.<\/p>\n\n\n\n<p><strong>Peut-on repartir avec son tissage ?<\/strong><\/p>\n\n\n\n<p>Oui c&rsquo;est possible ! Comme le tissage se fait fil apr\u00e8s fil, si vous souhaitez repartir avec le morceau de tissu que vous avez fabriqu\u00e9, je vous conseille de r\u00e9server 2h de cours afin d&rsquo;avoir le temps de tisser une longueur suffisante.<\/p>\n\n\n\n<p id=\"cours-reguliers\">Je me r\u00e9jouis de vous accueillir !<\/p>\n\n\n\n<p id=\"cours-reguliers\">Manon<\/p>\n<\/div>\n\n\n\n<div class=\"wp-block-column is-layout-flow wp-block-column-is-layout-flow\">\n<figure class=\"wp-block-gallery has-nested-images columns-2 is-cropped wp-block-gallery-1 is-layout-flex wp-block-gallery-is-layout-flex\">\n<figure class=\"wp-block-image size-large\"><img loading=\"lazy\" decoding=\"async\" width=\"1024\" height=\"1024\" data-id=\"477\" src=\"https:\/\/lestisserandes.ch\/wp-content\/uploads\/2025\/04\/20250423_163927-1024x1024.jpg\" alt=\"\" class=\"wp-image-477\" srcset=\"https:\/\/lestisserandes.ch\/wp-content\/uploads\/2025\/04\/20250423_163927-1024x1024.jpg 1024w, https:\/\/lestisserandes.ch\/wp-content\/uploads\/2025\/04\/20250423_163927-300x300.jpg 300w, https:\/\/lestisserandes.ch\/wp-content\/uploads\/2025\/04\/20250423_163927-150x150.jpg 150w, https:\/\/lestisserandes.ch\/wp-content\/uploads\/2025\/04\/20250423_163927-768x768.jpg 768w, https:\/\/lestisserandes.ch\/wp-content\/uploads\/2025\/04\/20250423_163927.jpg 1200w\" sizes=\"auto, (max-width: 1024px) 100vw, 1024px\" \/><figcaption class=\"wp-element-caption\">m\u00e9tier \u00e0 p\u00e9dales<\/figcaption><\/figure>\n\n\n\n<figure class=\"wp-block-image size-large\"><img loading=\"lazy\" decoding=\"async\" width=\"1024\" height=\"1024\" data-id=\"479\" src=\"https:\/\/lestisserandes.ch\/wp-content\/uploads\/2025\/04\/20250315_112652-1024x1024.jpg\" alt=\"\" class=\"wp-image-479\" srcset=\"https:\/\/lestisserandes.ch\/wp-content\/uploads\/2025\/04\/20250315_112652-1024x1024.jpg 1024w, https:\/\/lestisserandes.ch\/wp-content\/uploads\/2025\/04\/20250315_112652-300x300.jpg 300w, https:\/\/lestisserandes.ch\/wp-content\/uploads\/2025\/04\/20250315_112652-150x150.jpg 150w, https:\/\/lestisserandes.ch\/wp-content\/uploads\/2025\/04\/20250315_112652-768x768.jpg 768w, https:\/\/lestisserandes.ch\/wp-content\/uploads\/2025\/04\/20250315_112652.jpg 1200w\" sizes=\"auto, (max-width: 1024px) 100vw, 1024px\" \/><figcaption class=\"wp-element-caption\">m\u00e9tier \u00e0 manettes<\/figcaption><\/figure>\n\n\n\n<figure class=\"wp-block-image size-large\"><img loading=\"lazy\" decoding=\"async\" width=\"768\" height=\"1024\" data-id=\"550\" src=\"https:\/\/lestisserandes.ch\/wp-content\/uploads\/2025\/09\/20250704_175657-768x1024.jpg\" alt=\"\" class=\"wp-image-550\" srcset=\"https:\/\/lestisserandes.ch\/wp-content\/uploads\/2025\/09\/20250704_175657-768x1024.jpg 768w, https:\/\/lestisserandes.ch\/wp-content\/uploads\/2025\/09\/20250704_175657-225x300.jpg 225w, https:\/\/lestisserandes.ch\/wp-content\/uploads\/2025\/09\/20250704_175657-1152x1536.jpg 1152w, https:\/\/lestisserandes.ch\/wp-content\/uploads\/2025\/09\/20250704_175657-1536x2048.jpg 1536w, https:\/\/lestisserandes.ch\/wp-content\/uploads\/2025\/09\/20250704_175657-scaled.jpg 1920w\" sizes=\"auto, (max-width: 768px) 100vw, 768px\" \/><\/figure>\n<\/figure>\n<\/div>\n<\/div>\n<\/div>\n<\/div>\n<\/div>\n\n\n\n<div style=\"height:10px\" aria-hidden=\"true\" class=\"wp-block-spacer\"><\/div>\n","protected":false},"excerpt":{"rendered":"<p>D\u00e9couvrez l&rsquo;Art du tissage manuel chez les tisserandes Vous avez toujours r\u00eav\u00e9 d&rsquo;essayer un m\u00e9tier \u00e0 tisser ? Nous proposons des cours d&rsquo;initiation individuels d&rsquo;une dur\u00e9e d&rsquo;une \u00e0 deux heures avec Manon. Il n&rsquo;est d\u00e9sormais plus possible de venir prendre des cours de tissage \u00e0 la boutique, car nous d\u00e9finitivement le 03 janvier. Manon continuera [&hellip;]<\/p>\n","protected":false},"author":2,"featured_media":0,"parent":0,"menu_order":0,"comment_status":"closed","ping_status":"closed","template":"","meta":{"footnotes":""},"class_list":["post-475","page","type-page","status-publish","hentry"],"_links":{"self":[{"href":"https:\/\/lestisserandes.ch\/index.php\/wp-json\/wp\/v2\/pages\/475","targetHints":{"allow":["GET"]}}],"collection":[{"href":"https:\/\/lestisserandes.ch\/index.php\/wp-json\/wp\/v2\/pages"}],"about":[{"href":"https:\/\/lestisserandes.ch\/index.php\/wp-json\/wp\/v2\/types\/page"}],"author":[{"embeddable":true,"href":"https:\/\/lestisserandes.ch\/index.php\/wp-json\/wp\/v2\/users\/2"}],"replies":[{"embeddable":true,"href":"https:\/\/lestisserandes.ch\/index.php\/wp-json\/wp\/v2\/comments?post=475"}],"version-history":[{"count":27,"href":"https:\/\/lestisserandes.ch\/index.php\/wp-json\/wp\/v2\/pages\/475\/revisions"}],"predecessor-version":[{"id":607,"href":"https:\/\/lestisserandes.ch\/index.php\/wp-json\/wp\/v2\/pages\/475\/revisions\/607"}],"wp:attachment":[{"href":"https:\/\/lestisserandes.ch\/index.php\/wp-json\/wp\/v2\/media?parent=475"}],"curies":[{"name":"wp","href":"https:\/\/api.w.org\/{rel}","templated":true}]}}