{"id":347,"date":"2024-09-14T10:16:15","date_gmt":"2024-09-14T10:16:15","guid":{"rendered":"https:\/\/lestisserandes.ch\/?page_id=347"},"modified":"2024-09-14T10:28:49","modified_gmt":"2024-09-14T10:28:49","slug":"creatrice-madeleine-leiggener","status":"publish","type":"page","link":"https:\/\/lestisserandes.ch\/index.php\/creatrice-madeleine-leiggener\/","title":{"rendered":"Madeleine Leiggener &#8211; Fribourg (FR)"},"content":{"rendered":"\n<figure class=\"wp-block-image alignleft size-full is-resized\"><img loading=\"lazy\" decoding=\"async\" width=\"623\" height=\"623\" src=\"https:\/\/lestisserandes.ch\/wp-content\/uploads\/2024\/09\/portrait_madeleine_leiggener_NB.jpg\" alt=\"\" class=\"wp-image-322\" style=\"width:350px\" srcset=\"https:\/\/lestisserandes.ch\/wp-content\/uploads\/2024\/09\/portrait_madeleine_leiggener_NB.jpg 623w, https:\/\/lestisserandes.ch\/wp-content\/uploads\/2024\/09\/portrait_madeleine_leiggener_NB-300x300.jpg 300w, https:\/\/lestisserandes.ch\/wp-content\/uploads\/2024\/09\/portrait_madeleine_leiggener_NB-150x150.jpg 150w\" sizes=\"auto, (max-width: 623px) 100vw, 623px\" \/><\/figure>\n\n\n\n<p>Atelier de tissage en Vieille Villle de Fribourg depuis 1980<br>Dipl\u00f4me CFC cr\u00e9atrice de tissu en 1989<br>\u2022 Premi\u00e8res creations de tissus de v\u00eatements : manteaux, vestes, robes, kimonos, saris, ch\u00e2les<br>\u2022 Sp\u00e9cialisation en tissage de la soie en exp\u00e9rimentant I\u2019IKAT (teinture du fil par reserves, avant le tissage)<br>\u2022 Actuellement je r\u00e9alise de grandes tentures de soie ikat\u00e9es (dernier th\u00e8me choisi : I\u2019ann\u00e9e des 13 lunes)<\/p>\n\n\n\n<p>Expositions<br>Diverses expos collectives avec I\u2019association Romantiss<br>Expositions individuelles : 1988, 2005, 2014, 2023<\/p>\n\n\n\n<h5 class=\"wp-block-heading\"><a href=\"https:\/\/lestisserandes.ch\/index.php\/creatrices\/\">>> retour \u00e0 la page cr\u00e9atrices<\/a><\/h5>\n\n\n\n<p><\/p>\n","protected":false},"excerpt":{"rendered":"<p>Atelier de tissage en Vieille Villle de Fribourg depuis 1980Dipl\u00f4me CFC cr\u00e9atrice de tissu en 1989\u2022 Premi\u00e8res creations de tissus de v\u00eatements : manteaux, vestes, robes, kimonos, saris, ch\u00e2les\u2022 Sp\u00e9cialisation en tissage de la soie en exp\u00e9rimentant I\u2019IKAT (teinture du fil par reserves, avant le tissage)\u2022 Actuellement je r\u00e9alise de grandes tentures de soie ikat\u00e9es [&hellip;]<\/p>\n","protected":false},"author":2,"featured_media":0,"parent":0,"menu_order":0,"comment_status":"closed","ping_status":"closed","template":"","meta":{"footnotes":""},"class_list":["post-347","page","type-page","status-publish","hentry"],"_links":{"self":[{"href":"https:\/\/lestisserandes.ch\/index.php\/wp-json\/wp\/v2\/pages\/347","targetHints":{"allow":["GET"]}}],"collection":[{"href":"https:\/\/lestisserandes.ch\/index.php\/wp-json\/wp\/v2\/pages"}],"about":[{"href":"https:\/\/lestisserandes.ch\/index.php\/wp-json\/wp\/v2\/types\/page"}],"author":[{"embeddable":true,"href":"https:\/\/lestisserandes.ch\/index.php\/wp-json\/wp\/v2\/users\/2"}],"replies":[{"embeddable":true,"href":"https:\/\/lestisserandes.ch\/index.php\/wp-json\/wp\/v2\/comments?post=347"}],"version-history":[{"count":3,"href":"https:\/\/lestisserandes.ch\/index.php\/wp-json\/wp\/v2\/pages\/347\/revisions"}],"predecessor-version":[{"id":365,"href":"https:\/\/lestisserandes.ch\/index.php\/wp-json\/wp\/v2\/pages\/347\/revisions\/365"}],"wp:attachment":[{"href":"https:\/\/lestisserandes.ch\/index.php\/wp-json\/wp\/v2\/media?parent=347"}],"curies":[{"name":"wp","href":"https:\/\/api.w.org\/{rel}","templated":true}]}}