{"id":338,"date":"2024-09-14T10:09:50","date_gmt":"2024-09-14T10:09:50","guid":{"rendered":"https:\/\/lestisserandes.ch\/?page_id=338"},"modified":"2025-04-28T07:10:49","modified_gmt":"2025-04-28T07:10:49","slug":"creatrice-leonore-graff","status":"publish","type":"page","link":"https:\/\/lestisserandes.ch\/index.php\/creatrice-leonore-graff\/","title":{"rendered":"L\u00e9onore Graff &#8211; Lausanne (VD)"},"content":{"rendered":"\n<figure class=\"wp-block-image alignleft size-full is-resized\"><img loading=\"lazy\" decoding=\"async\" width=\"800\" height=\"800\" src=\"https:\/\/lestisserandes.ch\/wp-content\/uploads\/2024\/09\/portrait_leonore_graff_NB.jpg\" alt=\"\" class=\"wp-image-317\" style=\"width:350px\" srcset=\"https:\/\/lestisserandes.ch\/wp-content\/uploads\/2024\/09\/portrait_leonore_graff_NB.jpg 800w, https:\/\/lestisserandes.ch\/wp-content\/uploads\/2024\/09\/portrait_leonore_graff_NB-300x300.jpg 300w, https:\/\/lestisserandes.ch\/wp-content\/uploads\/2024\/09\/portrait_leonore_graff_NB-150x150.jpg 150w, https:\/\/lestisserandes.ch\/wp-content\/uploads\/2024\/09\/portrait_leonore_graff_NB-768x768.jpg 768w\" sizes=\"auto, (max-width: 800px) 100vw, 800px\" \/><\/figure>\n\n\n\n<h4 class=\"wp-block-heading\"><a href=\"http:\/\/www.leonoregraff.com\" target=\"_blank\" rel=\"noreferrer noopener\">www.leonoregraff.com<\/a>, <a href=\"https:\/\/www.instagram.com\/leonoregraff\/\" target=\"_blank\" rel=\"noreferrer noopener\">@leonoregraff<\/a><\/h4>\n\n\n\n<p>Apr\u00e8s l\u2019obtention de mon CFC de tisserande en 2001 \u00e0 Berne, j\u2019ai d\u2019abord travaill\u00e9 dans diff\u00e9rents ateliers de tissage aupr\u00e8s de personnes en situation de handicap en tant que MSP. Je me suis ensuite install\u00e9e comme ind\u00e9pendante \u00e0 Lausanne, tout en gardant un pied dans le monde du social, choix qui m\u2019a donn\u00e9 la chance de pouvoir former deux apprenties Cr\u00e9atrices de tissus au sein de l\u2019unique lieu de formation de Suisse-romande.<br>Dans mon atelier, je tisse ma production, r\u00e9alise des commandes, et donne des cours. Les fils proviennent principalement de fournisseurs suisses.<br>Durant le long processus de fabrication d\u2019un tissu, je suis accompagn\u00e9e par l\u2019id\u00e9e des fils qui se croisent et se lient pour cr\u00e9er une mati\u00e8re enveloppante, protectrice et color\u00e9e pour les \u00eatres ou les objets.<br>En g\u00e9n\u00e9ral, je travaille sans dessin pr\u00e9alable pour garder la surprise du r\u00e9sultat final. Chaque pi\u00e8ce est unique et la pratique du tissage artisanal garde ainsi tout son sens aujourd\u2019hui.<\/p>\n\n\n\n<h5 class=\"wp-block-heading\"><a href=\"https:\/\/lestisserandes.ch\/index.php\/creatrices\/\">&gt;&gt; retour \u00e0 la page cr\u00e9atrices<\/a><\/h5>\n\n\n\n<p><\/p>\n","protected":false},"excerpt":{"rendered":"<p>www.leonoregraff.com, @leonoregraff Apr\u00e8s l\u2019obtention de mon CFC de tisserande en 2001 \u00e0 Berne, j\u2019ai d\u2019abord travaill\u00e9 dans diff\u00e9rents ateliers de tissage aupr\u00e8s de personnes en situation de handicap en tant que MSP. Je me suis ensuite install\u00e9e comme ind\u00e9pendante \u00e0 Lausanne, tout en gardant un pied dans le monde du social, choix qui m\u2019a donn\u00e9 [&hellip;]<\/p>\n","protected":false},"author":2,"featured_media":0,"parent":0,"menu_order":0,"comment_status":"closed","ping_status":"closed","template":"","meta":{"footnotes":""},"class_list":["post-338","page","type-page","status-publish","hentry"],"_links":{"self":[{"href":"https:\/\/lestisserandes.ch\/index.php\/wp-json\/wp\/v2\/pages\/338","targetHints":{"allow":["GET"]}}],"collection":[{"href":"https:\/\/lestisserandes.ch\/index.php\/wp-json\/wp\/v2\/pages"}],"about":[{"href":"https:\/\/lestisserandes.ch\/index.php\/wp-json\/wp\/v2\/types\/page"}],"author":[{"embeddable":true,"href":"https:\/\/lestisserandes.ch\/index.php\/wp-json\/wp\/v2\/users\/2"}],"replies":[{"embeddable":true,"href":"https:\/\/lestisserandes.ch\/index.php\/wp-json\/wp\/v2\/comments?post=338"}],"version-history":[{"count":4,"href":"https:\/\/lestisserandes.ch\/index.php\/wp-json\/wp\/v2\/pages\/338\/revisions"}],"predecessor-version":[{"id":503,"href":"https:\/\/lestisserandes.ch\/index.php\/wp-json\/wp\/v2\/pages\/338\/revisions\/503"}],"wp:attachment":[{"href":"https:\/\/lestisserandes.ch\/index.php\/wp-json\/wp\/v2\/media?parent=338"}],"curies":[{"name":"wp","href":"https:\/\/api.w.org\/{rel}","templated":true}]}}