{"id":333,"date":"2024-09-14T10:04:50","date_gmt":"2024-09-14T10:04:50","guid":{"rendered":"https:\/\/lestisserandes.ch\/?page_id=333"},"modified":"2025-04-28T07:12:35","modified_gmt":"2025-04-28T07:12:35","slug":"creatrice-stephanie-bircher","status":"publish","type":"page","link":"https:\/\/lestisserandes.ch\/index.php\/creatrice-stephanie-bircher\/","title":{"rendered":"St\u00e9phanie Bircher (VD)"},"content":{"rendered":"\n<figure class=\"wp-block-image alignleft size-full is-resized\"><img loading=\"lazy\" decoding=\"async\" width=\"800\" height=\"801\" src=\"https:\/\/lestisserandes.ch\/wp-content\/uploads\/2024\/09\/portrait_stephanie_bircher_NB.jpg\" alt=\"\" class=\"wp-image-319\" style=\"width:350px\" srcset=\"https:\/\/lestisserandes.ch\/wp-content\/uploads\/2024\/09\/portrait_stephanie_bircher_NB.jpg 800w, https:\/\/lestisserandes.ch\/wp-content\/uploads\/2024\/09\/portrait_stephanie_bircher_NB-300x300.jpg 300w, https:\/\/lestisserandes.ch\/wp-content\/uploads\/2024\/09\/portrait_stephanie_bircher_NB-150x150.jpg 150w, https:\/\/lestisserandes.ch\/wp-content\/uploads\/2024\/09\/portrait_stephanie_bircher_NB-768x769.jpg 768w\" sizes=\"auto, (max-width: 800px) 100vw, 800px\" \/><\/figure>\n\n\n\n<h4 class=\"wp-block-heading\"><a href=\"http:\/\/stephaniebircher.ch\" target=\"_blank\" rel=\"noreferrer noopener\">stephaniebircher.ch<\/a>, <a href=\"https:\/\/www.instagram.com\/stephaniebircher\/\" target=\"_blank\" rel=\"noreferrer noopener\">@stephaniebircher<\/a><\/h4>\n\n\n\n<p>Passionn\u00e9e par l\u2019artisanat traditionnel suisse, je cr\u00e9e de nouveaux objets \u00e0 partir de mat\u00e9riaux de seconde main que je s\u00e9lectionne avec soin. La plupart sont enti\u00e8rement faits \u00e0 la main, comme les tapis que  je tisse et brode sur mon ancien m\u00e9tier \u00e0 tisser suisse. J\u2019attribue aux objets le pouvoir de porter avec eux l\u2019\u00e9nergie avec laquelle ils ont \u00e9t\u00e9 faits. J\u2019apporte tout le soin \u00e0 mes cr\u00e9ations pour qu\u2019elles abritent l\u2019enthousiasme que j\u2019ai \u00e0 cr\u00e9er et ma foi en la vie.<\/p>\n\n\n\n<h5 class=\"wp-block-heading\"><a href=\"https:\/\/lestisserandes.ch\/index.php\/creatrices\/\">&gt;&gt; retour \u00e0 la page cr\u00e9atrices<\/a><\/h5>\n\n\n\n<p><\/p>\n","protected":false},"excerpt":{"rendered":"<p>stephaniebircher.ch, @stephaniebircher Passionn\u00e9e par l\u2019artisanat traditionnel suisse, je cr\u00e9e de nouveaux objets \u00e0 partir de mat\u00e9riaux de seconde main que je s\u00e9lectionne avec soin. La plupart sont enti\u00e8rement faits \u00e0 la main, comme les tapis que je tisse et brode sur mon ancien m\u00e9tier \u00e0 tisser suisse. J\u2019attribue aux objets le pouvoir de porter avec [&hellip;]<\/p>\n","protected":false},"author":2,"featured_media":0,"parent":0,"menu_order":0,"comment_status":"closed","ping_status":"closed","template":"","meta":{"footnotes":""},"class_list":["post-333","page","type-page","status-publish","hentry"],"_links":{"self":[{"href":"https:\/\/lestisserandes.ch\/index.php\/wp-json\/wp\/v2\/pages\/333","targetHints":{"allow":["GET"]}}],"collection":[{"href":"https:\/\/lestisserandes.ch\/index.php\/wp-json\/wp\/v2\/pages"}],"about":[{"href":"https:\/\/lestisserandes.ch\/index.php\/wp-json\/wp\/v2\/types\/page"}],"author":[{"embeddable":true,"href":"https:\/\/lestisserandes.ch\/index.php\/wp-json\/wp\/v2\/users\/2"}],"replies":[{"embeddable":true,"href":"https:\/\/lestisserandes.ch\/index.php\/wp-json\/wp\/v2\/comments?post=333"}],"version-history":[{"count":4,"href":"https:\/\/lestisserandes.ch\/index.php\/wp-json\/wp\/v2\/pages\/333\/revisions"}],"predecessor-version":[{"id":509,"href":"https:\/\/lestisserandes.ch\/index.php\/wp-json\/wp\/v2\/pages\/333\/revisions\/509"}],"wp:attachment":[{"href":"https:\/\/lestisserandes.ch\/index.php\/wp-json\/wp\/v2\/media?parent=333"}],"curies":[{"name":"wp","href":"https:\/\/api.w.org\/{rel}","templated":true}]}}