{"id":327,"date":"2024-09-14T09:59:51","date_gmt":"2024-09-14T09:59:51","guid":{"rendered":"https:\/\/lestisserandes.ch\/?page_id=327"},"modified":"2025-09-04T14:59:59","modified_gmt":"2025-09-04T14:59:59","slug":"creatrice-nazaret-palomino","status":"publish","type":"page","link":"https:\/\/lestisserandes.ch\/index.php\/creatrice-nazaret-palomino\/","title":{"rendered":"Nazaret Palomino &#8211; Forel-sur-Lucens (VD)"},"content":{"rendered":"\n<figure class=\"wp-block-image alignleft size-full is-resized\"><img loading=\"lazy\" decoding=\"async\" width=\"1080\" height=\"1080\" src=\"https:\/\/lestisserandes.ch\/wp-content\/uploads\/2024\/03\/portrait_nazaret_palomino_NB.jpg\" alt=\"\" class=\"wp-image-73\" style=\"width:350px\" srcset=\"https:\/\/lestisserandes.ch\/wp-content\/uploads\/2024\/03\/portrait_nazaret_palomino_NB.jpg 1080w, https:\/\/lestisserandes.ch\/wp-content\/uploads\/2024\/03\/portrait_nazaret_palomino_NB-300x300.jpg 300w, https:\/\/lestisserandes.ch\/wp-content\/uploads\/2024\/03\/portrait_nazaret_palomino_NB-1024x1024.jpg 1024w, https:\/\/lestisserandes.ch\/wp-content\/uploads\/2024\/03\/portrait_nazaret_palomino_NB-150x150.jpg 150w, https:\/\/lestisserandes.ch\/wp-content\/uploads\/2024\/03\/portrait_nazaret_palomino_NB-768x768.jpg 768w\" sizes=\"auto, (max-width: 1080px) 100vw, 1080px\" \/><\/figure>\n\n\n\n<h4 class=\"wp-block-heading\"><a href=\"http:\/\/nazaretpalomino.com\" target=\"_blank\" rel=\"noreferrer noopener\">nazaretpalomino.com<\/a>, <a href=\"https:\/\/www.instagram.com\/nazaretpalomino\/\" target=\"_blank\" rel=\"noreferrer noopener\">@nazaretpalomino<\/a><\/h4>\n\n\n\n<p>Originaire de Malaga, Espagne, je pose mes valises en Suisse en 2013 et me passionne rapidement pour le monde textile. Autodidacte, J&rsquo;apprends les techniques du crochet, du tricot, du filage et de la teinture. Mon chemin croise l\u2019\u00e9cole Filambule de Lausanne en 2017, o\u00f9 je m\u2019immerge dans l\u2019art du tissage. Une r\u00e9v\u00e9lation telle que je d\u00e9laisse mes \u00e9tudes en histoire de l\u2019art pour me vouer corps et \u00e2me \u00e0 cette discipline. Cette transition s\u2019av\u00e8re fructueuse, me permettant de contribuer \u00e0 divers projets et expositions lors de mon stage \u00e0 Filambule. En 2020, je d\u00e9croche mon dipl\u00f4me CFC de cr\u00e9atrice de tissu. Aujourd\u2019hui, depuis mon atelier \u00e0 Forel-sur-Lucens, je transmets ma passion \u00e0 des \u00e9l\u00e8ves et fa\u00e7onn\u00e9 mes propres cr\u00e9ations textiles.\u00a0<\/p>\n\n\n\n<h5 class=\"wp-block-heading\"><a href=\"https:\/\/lestisserandes.ch\/index.php\/creatrices\/\">&gt;&gt; retour \u00e0 la page cr\u00e9atrices<\/a><\/h5>\n","protected":false},"excerpt":{"rendered":"<p>nazaretpalomino.com, @nazaretpalomino Originaire de Malaga, Espagne, je pose mes valises en Suisse en 2013 et me passionne rapidement pour le monde textile. Autodidacte, J&rsquo;apprends les techniques du crochet, du tricot, du filage et de la teinture. Mon chemin croise l\u2019\u00e9cole Filambule de Lausanne en 2017, o\u00f9 je m\u2019immerge dans l\u2019art du tissage. Une r\u00e9v\u00e9lation telle [&hellip;]<\/p>\n","protected":false},"author":2,"featured_media":0,"parent":0,"menu_order":0,"comment_status":"closed","ping_status":"closed","template":"","meta":{"footnotes":""},"class_list":["post-327","page","type-page","status-publish","hentry"],"_links":{"self":[{"href":"https:\/\/lestisserandes.ch\/index.php\/wp-json\/wp\/v2\/pages\/327","targetHints":{"allow":["GET"]}}],"collection":[{"href":"https:\/\/lestisserandes.ch\/index.php\/wp-json\/wp\/v2\/pages"}],"about":[{"href":"https:\/\/lestisserandes.ch\/index.php\/wp-json\/wp\/v2\/types\/page"}],"author":[{"embeddable":true,"href":"https:\/\/lestisserandes.ch\/index.php\/wp-json\/wp\/v2\/users\/2"}],"replies":[{"embeddable":true,"href":"https:\/\/lestisserandes.ch\/index.php\/wp-json\/wp\/v2\/comments?post=327"}],"version-history":[{"count":5,"href":"https:\/\/lestisserandes.ch\/index.php\/wp-json\/wp\/v2\/pages\/327\/revisions"}],"predecessor-version":[{"id":543,"href":"https:\/\/lestisserandes.ch\/index.php\/wp-json\/wp\/v2\/pages\/327\/revisions\/543"}],"wp:attachment":[{"href":"https:\/\/lestisserandes.ch\/index.php\/wp-json\/wp\/v2\/media?parent=327"}],"curies":[{"name":"wp","href":"https:\/\/api.w.org\/{rel}","templated":true}]}}