{"id":313,"date":"2024-09-14T09:56:41","date_gmt":"2024-09-14T09:56:41","guid":{"rendered":"https:\/\/lestisserandes.ch\/?page_id=313"},"modified":"2025-09-04T15:17:11","modified_gmt":"2025-09-04T15:17:11","slug":"creatrice-manon-koopman","status":"publish","type":"page","link":"https:\/\/lestisserandes.ch\/index.php\/creatrice-manon-koopman\/","title":{"rendered":"Manon Koopman &#8211; Rue (FR)"},"content":{"rendered":"\n<figure class=\"wp-block-image alignleft size-full is-resized wp-duotone-duotone-1\"><img loading=\"lazy\" decoding=\"async\" width=\"1920\" height=\"2560\" src=\"https:\/\/lestisserandes.ch\/wp-content\/uploads\/2025\/09\/20250725_100119-scaled.jpg\" alt=\"\" class=\"wp-image-547\" style=\"aspect-ratio:1;object-fit:cover;width:350px\" srcset=\"https:\/\/lestisserandes.ch\/wp-content\/uploads\/2025\/09\/20250725_100119-scaled.jpg 1920w, https:\/\/lestisserandes.ch\/wp-content\/uploads\/2025\/09\/20250725_100119-225x300.jpg 225w, https:\/\/lestisserandes.ch\/wp-content\/uploads\/2025\/09\/20250725_100119-768x1024.jpg 768w, https:\/\/lestisserandes.ch\/wp-content\/uploads\/2025\/09\/20250725_100119-1152x1536.jpg 1152w, https:\/\/lestisserandes.ch\/wp-content\/uploads\/2025\/09\/20250725_100119-1536x2048.jpg 1536w\" sizes=\"auto, (max-width: 1920px) 100vw, 1920px\" \/><\/figure>\n\n\n\n<h4 class=\"wp-block-heading\"><a href=\"https:\/\/manonkoopman.ch\/\" target=\"_blank\" rel=\"noreferrer noopener\">manonkoopman.ch<\/a>, <a href=\"https:\/\/www.instagram.com\/_manon_koopman_\/\" target=\"_blank\" rel=\"noreferrer noopener\">@_manon_koopman_<\/a><\/h4>\n\n\n\n<p>Apr\u00e8s l\u2019obtention de mon Bachelor de design graphique \u00e0 Lyon en 2010, je m\u2019installe en Suisse. Je me d\u00e9couvre une passion pour le tissage lors d\u2019une visite de l\u2019atelier de tapisserie contemporaine Dovecot Studios \u00e0 \u00c9dimbourg. De retour en Suisse, je me forme au tissage \u00e0 l\u2019atelier-\u00e9cole Filambule avec Dani\u00e8le Mussard entre 2019 et 2021. En parall\u00e8le, je me forme \u00e0 la couture, afin d\u2019\u00eatre plus libre et autonome dans ma cr\u00e9ation. En 2024, je co-fonde <em>les tisserandes<\/em> avec <a href=\"https:\/\/lestisserandes.ch\/index.php\/creatrice-nazaret-palomino\/\" data-type=\"page\" data-id=\"327\">Nazaret Palomino<\/a>.<\/p>\n\n\n\n<p>Le tissage me permet de concr\u00e9tiser ma vision graphique en jouant avec les couleurs, les formes et le rythme des motifs pour concevoir \u00e9charpes, accessoires et objets de d\u00e9coration. J&rsquo;accorde \u00e9galement beaucoup d\u2019importance \u00e0 l\u2019aspect sensoriel de mon travail par le choix de mati\u00e8res douces et enveloppantes. Impressions tactiles, couleurs vives et vibrantes, rythme construit ou improvis\u00e9 ; mon travail est parfois r\u00e9fl\u00e9chi, parfois plus libre, mais toujours graphique et color\u00e9 !<\/p>\n\n\n\n<h5 class=\"wp-block-heading\"><a href=\"https:\/\/lestisserandes.ch\/index.php\/creatrices\/\">&gt;&gt; retour \u00e0 la page cr\u00e9atrices<\/a><\/h5>\n\n\n\n<p><\/p>\n","protected":false},"excerpt":{"rendered":"<p>manonkoopman.ch, @_manon_koopman_ Apr\u00e8s l\u2019obtention de mon Bachelor de design graphique \u00e0 Lyon en 2010, je m\u2019installe en Suisse. Je me d\u00e9couvre une passion pour le tissage lors d\u2019une visite de l\u2019atelier de tapisserie contemporaine Dovecot Studios \u00e0 \u00c9dimbourg. De retour en Suisse, je me forme au tissage \u00e0 l\u2019atelier-\u00e9cole Filambule avec Dani\u00e8le Mussard entre 2019 [&hellip;]<\/p>\n","protected":false},"author":2,"featured_media":0,"parent":0,"menu_order":0,"comment_status":"closed","ping_status":"closed","template":"","meta":{"footnotes":""},"class_list":["post-313","page","type-page","status-publish","hentry"],"_links":{"self":[{"href":"https:\/\/lestisserandes.ch\/index.php\/wp-json\/wp\/v2\/pages\/313","targetHints":{"allow":["GET"]}}],"collection":[{"href":"https:\/\/lestisserandes.ch\/index.php\/wp-json\/wp\/v2\/pages"}],"about":[{"href":"https:\/\/lestisserandes.ch\/index.php\/wp-json\/wp\/v2\/types\/page"}],"author":[{"embeddable":true,"href":"https:\/\/lestisserandes.ch\/index.php\/wp-json\/wp\/v2\/users\/2"}],"replies":[{"embeddable":true,"href":"https:\/\/lestisserandes.ch\/index.php\/wp-json\/wp\/v2\/comments?post=313"}],"version-history":[{"count":9,"href":"https:\/\/lestisserandes.ch\/index.php\/wp-json\/wp\/v2\/pages\/313\/revisions"}],"predecessor-version":[{"id":548,"href":"https:\/\/lestisserandes.ch\/index.php\/wp-json\/wp\/v2\/pages\/313\/revisions\/548"}],"wp:attachment":[{"href":"https:\/\/lestisserandes.ch\/index.php\/wp-json\/wp\/v2\/media?parent=313"}],"curies":[{"name":"wp","href":"https:\/\/api.w.org\/{rel}","templated":true}]}}