{"id":177,"date":"2024-07-17T14:53:46","date_gmt":"2024-07-17T14:53:46","guid":{"rendered":"https:\/\/lestisserandes.ch\/?page_id=177"},"modified":"2025-06-25T16:18:22","modified_gmt":"2025-06-25T16:18:22","slug":"recherche-associees","status":"publish","type":"page","link":"https:\/\/lestisserandes.ch\/index.php\/recherche-associees\/","title":{"rendered":"Rejoignez-nous !"},"content":{"rendered":"\n<h4 class=\"wp-block-heading\">Envie de participer \u00e0 l&rsquo;aventure et\/ou de soutenir l&rsquo;association ?<\/h4>\n\n\n\n<p>Il y a plusieurs mani\u00e8res de le faire :<\/p>\n\n\n\n<ul class=\"wp-block-list\">\n<li>en d\u00e9posant vos cr\u00e9ations \u00e0 la boutique (artisanat textile suisse uniquement)<\/li>\n\n\n\n<li>en venant tenir la boutique de mani\u00e8re b\u00e9n\u00e9vole, r\u00e9guli\u00e8rement ou ponctuellement<\/li>\n\n\n\n<li>en louant l&rsquo;espace en dehors des heures d&rsquo;ouverture pour donner des cours en lien avec le textile<\/li>\n<\/ul>\n\n\n\n<p>Rejoignez notre petite \u00e9quipe et contribuez \u00e0 faire rayonner l\u2019artisanat local !<\/p>\n\n\n\n<div style=\"height:10px\" aria-hidden=\"true\" class=\"wp-block-spacer\"><\/div>\n\n\n\n<div class=\"wp-block-columns is-layout-flex wp-container-core-columns-is-layout-28f84493 wp-block-columns-is-layout-flex\">\n<div class=\"wp-block-column is-layout-flow wp-block-column-is-layout-flow\">\n<h4 class=\"wp-block-heading\">\u00c0 propos de notre boutique :<\/h4>\n\n\n\n<p>Fond\u00e9e par deux tisserandes de la r\u00e9gion, notre boutique associative, ouverte depuis le 14 f\u00e9vrier 2024, se situe au centre-ville de Lausanne dans le quartier du Flon. Entour\u00e9e de belles boutiques et de galeries d\u2019art, elle offre une vitrine exceptionnelle aux cr\u00e9ateurs\u2022rices suisses, leur permettant de pr\u00e9senter et de vendre leurs cr\u00e9ations. Notre mission est de promouvoir l&rsquo;artisanat textile et de sensibiliser le public.&nbsp;<\/p>\n<\/div>\n<\/div>\n\n\n\n<div style=\"height:10px\" aria-hidden=\"true\" class=\"wp-block-spacer\"><\/div>\n\n\n\n<div class=\"wp-block-columns is-layout-flex wp-container-core-columns-is-layout-28f84493 wp-block-columns-is-layout-flex\">\n<div class=\"wp-block-column is-layout-flow wp-block-column-is-layout-flow\">\n<h4 class=\"wp-block-heading\">INT\u00e9RESS\u00e9\u2022E ?<\/h4>\n\n\n\n<p>Contactez-nous par mail \u00e0 <a href=\"mailto:hello@lestisserandes.ch\">hello@lestisserandes.ch<\/a>, par t\u00e9l\u00e9phone au 077 508 20 41 ou passez \u00e0 la boutique pendant les heures d&rsquo;ouverture pour en discuter.<\/p>\n\n\n\n<p>Nous avons h\u00e2te de vous rencontrer et de d\u00e9couvrir vos talents !<\/p>\n<\/div>\n<\/div>\n\n\n\n<div style=\"height:10px\" aria-hidden=\"true\" class=\"wp-block-spacer\"><\/div>\n\n\n\n<p><\/p>\n","protected":false},"excerpt":{"rendered":"<p>Envie de participer \u00e0 l&rsquo;aventure et\/ou de soutenir l&rsquo;association ? Il y a plusieurs mani\u00e8res de le faire : Rejoignez notre petite \u00e9quipe et contribuez \u00e0 faire rayonner l\u2019artisanat local ! \u00c0 propos de notre boutique : Fond\u00e9e par deux tisserandes de la r\u00e9gion, notre boutique associative, ouverte depuis le 14 f\u00e9vrier 2024, se situe [&hellip;]<\/p>\n","protected":false},"author":2,"featured_media":0,"parent":0,"menu_order":0,"comment_status":"closed","ping_status":"closed","template":"","meta":{"footnotes":""},"class_list":["post-177","page","type-page","status-publish","hentry"],"_links":{"self":[{"href":"https:\/\/lestisserandes.ch\/index.php\/wp-json\/wp\/v2\/pages\/177","targetHints":{"allow":["GET"]}}],"collection":[{"href":"https:\/\/lestisserandes.ch\/index.php\/wp-json\/wp\/v2\/pages"}],"about":[{"href":"https:\/\/lestisserandes.ch\/index.php\/wp-json\/wp\/v2\/types\/page"}],"author":[{"embeddable":true,"href":"https:\/\/lestisserandes.ch\/index.php\/wp-json\/wp\/v2\/users\/2"}],"replies":[{"embeddable":true,"href":"https:\/\/lestisserandes.ch\/index.php\/wp-json\/wp\/v2\/comments?post=177"}],"version-history":[{"count":14,"href":"https:\/\/lestisserandes.ch\/index.php\/wp-json\/wp\/v2\/pages\/177\/revisions"}],"predecessor-version":[{"id":525,"href":"https:\/\/lestisserandes.ch\/index.php\/wp-json\/wp\/v2\/pages\/177\/revisions\/525"}],"wp:attachment":[{"href":"https:\/\/lestisserandes.ch\/index.php\/wp-json\/wp\/v2\/media?parent=177"}],"curies":[{"name":"wp","href":"https:\/\/api.w.org\/{rel}","templated":true}]}}