{"id":13,"date":"2024-02-04T15:06:32","date_gmt":"2024-02-04T15:06:32","guid":{"rendered":"https:\/\/lestisserandes.ch\/?page_id=13"},"modified":"2025-09-12T16:18:26","modified_gmt":"2025-09-12T16:18:26","slug":"creatrices","status":"publish","type":"page","link":"https:\/\/lestisserandes.ch\/index.php\/creatrices\/","title":{"rendered":"Cr\u00e9atrices"},"content":{"rendered":"\n<div class=\"wp-block-columns is-layout-flex wp-container-core-columns-is-layout-28f84493 wp-block-columns-is-layout-flex\">\n<div class=\"wp-block-column is-layout-flow wp-block-column-is-layout-flow\">\n<figure class=\"wp-block-image size-large wp-duotone-duotone-1\"><a href=\"https:\/\/lestisserandes.ch\/index.php\/isabel-bustros-goumoens-le-jux-vd\/\"><img loading=\"lazy\" decoding=\"async\" width=\"1024\" height=\"1024\" src=\"https:\/\/lestisserandes.ch\/wp-content\/uploads\/2025\/09\/20250704_183927-edited-1024x1024.jpg\" alt=\"Isabel Bustros\" class=\"wp-image-556\" style=\"aspect-ratio:1;object-fit:cover\" srcset=\"https:\/\/lestisserandes.ch\/wp-content\/uploads\/2025\/09\/20250704_183927-edited-1024x1024.jpg 1024w, https:\/\/lestisserandes.ch\/wp-content\/uploads\/2025\/09\/20250704_183927-edited-300x300.jpg 300w, https:\/\/lestisserandes.ch\/wp-content\/uploads\/2025\/09\/20250704_183927-edited-150x150.jpg 150w, https:\/\/lestisserandes.ch\/wp-content\/uploads\/2025\/09\/20250704_183927-edited-768x768.jpg 768w, https:\/\/lestisserandes.ch\/wp-content\/uploads\/2025\/09\/20250704_183927-edited-1536x1536.jpg 1536w, https:\/\/lestisserandes.ch\/wp-content\/uploads\/2025\/09\/20250704_183927-edited-2048x2048.jpg 2048w\" sizes=\"auto, (max-width: 1024px) 100vw, 1024px\" \/><\/a><\/figure>\n\n\n\n<h5 class=\"wp-block-heading\"><a href=\"https:\/\/lestisserandes.ch\/index.php\/isabel-bustros-goumoens-le-jux-vd\/\" data-type=\"page\" data-id=\"554\">Isabel Bustros, Goumo\u00ebns-le-Jux (VD)<\/a><\/h5>\n<\/div>\n\n\n\n<div class=\"wp-block-column is-layout-flow wp-block-column-is-layout-flow\">\n<figure class=\"wp-block-image size-large\"><a href=\"https:\/\/lestisserandes.ch\/index.php\/creatrice-nazaret-palomino\/\"><img loading=\"lazy\" decoding=\"async\" width=\"1024\" height=\"1024\" src=\"https:\/\/lestisserandes.ch\/wp-content\/uploads\/2024\/03\/portrait_nazaret_palomino_NB-1024x1024.jpg\" alt=\"\" class=\"wp-image-73\" style=\"aspect-ratio:1;object-fit:cover\" srcset=\"https:\/\/lestisserandes.ch\/wp-content\/uploads\/2024\/03\/portrait_nazaret_palomino_NB-1024x1024.jpg 1024w, https:\/\/lestisserandes.ch\/wp-content\/uploads\/2024\/03\/portrait_nazaret_palomino_NB-300x300.jpg 300w, https:\/\/lestisserandes.ch\/wp-content\/uploads\/2024\/03\/portrait_nazaret_palomino_NB-150x150.jpg 150w, https:\/\/lestisserandes.ch\/wp-content\/uploads\/2024\/03\/portrait_nazaret_palomino_NB-768x768.jpg 768w, https:\/\/lestisserandes.ch\/wp-content\/uploads\/2024\/03\/portrait_nazaret_palomino_NB.jpg 1080w\" sizes=\"auto, (max-width: 1024px) 100vw, 1024px\" \/><\/a><\/figure>\n\n\n\n<h5 class=\"wp-block-heading\"><a href=\"https:\/\/lestisserandes.ch\/index.php\/creatrice-nazaret-palomino\/\">Nazaret Palomino, Forel-sur-Lucens (VD)<\/a><\/h5>\n<\/div>\n\n\n\n<div class=\"wp-block-column is-layout-flow wp-block-column-is-layout-flow\">\n<figure class=\"wp-block-image size-full wp-duotone-duotone-1\"><a href=\"https:\/\/lestisserandes.ch\/index.php\/creatrice-manon-koopman\/\"><img loading=\"lazy\" decoding=\"async\" width=\"1920\" height=\"2560\" src=\"https:\/\/lestisserandes.ch\/wp-content\/uploads\/2025\/09\/20250725_100119-scaled.jpg\" alt=\"\" class=\"wp-image-547\" style=\"aspect-ratio:1;object-fit:cover\" srcset=\"https:\/\/lestisserandes.ch\/wp-content\/uploads\/2025\/09\/20250725_100119-scaled.jpg 1920w, https:\/\/lestisserandes.ch\/wp-content\/uploads\/2025\/09\/20250725_100119-225x300.jpg 225w, https:\/\/lestisserandes.ch\/wp-content\/uploads\/2025\/09\/20250725_100119-768x1024.jpg 768w, https:\/\/lestisserandes.ch\/wp-content\/uploads\/2025\/09\/20250725_100119-1152x1536.jpg 1152w, https:\/\/lestisserandes.ch\/wp-content\/uploads\/2025\/09\/20250725_100119-1536x2048.jpg 1536w\" sizes=\"auto, (max-width: 1920px) 100vw, 1920px\" \/><\/a><\/figure>\n\n\n\n<h5 class=\"wp-block-heading\"><a href=\"https:\/\/lestisserandes.ch\/index.php\/creatrice-manon-koopman\/\">Manon Koopman, RUE (FR)<\/a><\/h5>\n<\/div>\n\n\n\n<div class=\"wp-block-column is-layout-flow wp-block-column-is-layout-flow\">\n<figure class=\"wp-block-image size-full\"><a href=\"https:\/\/lestisserandes.ch\/index.php\/creatrice-na-tissage\/\"><img loading=\"lazy\" decoding=\"async\" width=\"425\" height=\"425\" src=\"https:\/\/lestisserandes.ch\/wp-content\/uploads\/2024\/09\/portrait_nathalie_pleskanovsky_NB.jpg\" alt=\"\" class=\"wp-image-316\" style=\"aspect-ratio:1;object-fit:cover\" srcset=\"https:\/\/lestisserandes.ch\/wp-content\/uploads\/2024\/09\/portrait_nathalie_pleskanovsky_NB.jpg 425w, https:\/\/lestisserandes.ch\/wp-content\/uploads\/2024\/09\/portrait_nathalie_pleskanovsky_NB-300x300.jpg 300w, https:\/\/lestisserandes.ch\/wp-content\/uploads\/2024\/09\/portrait_nathalie_pleskanovsky_NB-150x150.jpg 150w\" sizes=\"auto, (max-width: 425px) 100vw, 425px\" \/><\/a><\/figure>\n\n\n\n<h5 class=\"wp-block-heading\"><a href=\"https:\/\/lestisserandes.ch\/index.php\/creatrice-na-tissage\/\">Na!tissage, Lausanne (VD)<\/a><\/h5>\n<\/div>\n<\/div>\n\n\n\n<div style=\"height:10px\" aria-hidden=\"true\" class=\"wp-block-spacer\"><\/div>\n\n\n\n<div class=\"wp-block-columns is-layout-flex wp-container-core-columns-is-layout-28f84493 wp-block-columns-is-layout-flex\">\n<div class=\"wp-block-column is-layout-flow wp-block-column-is-layout-flow\">\n<figure class=\"wp-block-image size-full\"><a href=\"https:\/\/lestisserandes.ch\/index.php\/creatrice-lise-bertholet\/\"><img loading=\"lazy\" decoding=\"async\" width=\"800\" height=\"800\" src=\"https:\/\/lestisserandes.ch\/wp-content\/uploads\/2024\/09\/portrait_lise_bertholet_NB.jpg\" alt=\"\" class=\"wp-image-318\" style=\"aspect-ratio:1;object-fit:cover\" srcset=\"https:\/\/lestisserandes.ch\/wp-content\/uploads\/2024\/09\/portrait_lise_bertholet_NB.jpg 800w, https:\/\/lestisserandes.ch\/wp-content\/uploads\/2024\/09\/portrait_lise_bertholet_NB-300x300.jpg 300w, https:\/\/lestisserandes.ch\/wp-content\/uploads\/2024\/09\/portrait_lise_bertholet_NB-150x150.jpg 150w, https:\/\/lestisserandes.ch\/wp-content\/uploads\/2024\/09\/portrait_lise_bertholet_NB-768x768.jpg 768w\" sizes=\"auto, (max-width: 800px) 100vw, 800px\" \/><\/a><\/figure>\n\n\n\n<h5 class=\"wp-block-heading\"><a href=\"https:\/\/lestisserandes.ch\/index.php\/creatrice-lise-bertholet\/\">Lise Bertholet, Vevey (VD)<\/a><\/h5>\n<\/div>\n\n\n\n<div class=\"wp-block-column is-layout-flow wp-block-column-is-layout-flow\">\n<figure class=\"wp-block-image size-full\"><a href=\"https:\/\/lestisserandes.ch\/index.php\/creatrice-antoinette-thoma\/\"><img loading=\"lazy\" decoding=\"async\" width=\"646\" height=\"646\" src=\"https:\/\/lestisserandes.ch\/wp-content\/uploads\/2024\/09\/portrait_antoinette_thoma_NB.jpg\" alt=\"\" class=\"wp-image-320\" style=\"aspect-ratio:1;object-fit:cover\" srcset=\"https:\/\/lestisserandes.ch\/wp-content\/uploads\/2024\/09\/portrait_antoinette_thoma_NB.jpg 646w, https:\/\/lestisserandes.ch\/wp-content\/uploads\/2024\/09\/portrait_antoinette_thoma_NB-300x300.jpg 300w, https:\/\/lestisserandes.ch\/wp-content\/uploads\/2024\/09\/portrait_antoinette_thoma_NB-150x150.jpg 150w\" sizes=\"auto, (max-width: 646px) 100vw, 646px\" \/><\/a><\/figure>\n\n\n\n<h5 class=\"wp-block-heading\"><a href=\"https:\/\/lestisserandes.ch\/index.php\/creatrice-antoinette-thoma\/\">Antoinette Thoma, A\u00efre (GE)<\/a><\/h5>\n<\/div>\n\n\n\n<div class=\"wp-block-column is-layout-flow wp-block-column-is-layout-flow\">\n<figure class=\"wp-block-image size-full\"><a href=\"https:\/\/lestisserandes.ch\/index.php\/creatrice-leonore-graff\/\"><img loading=\"lazy\" decoding=\"async\" width=\"800\" height=\"800\" src=\"https:\/\/lestisserandes.ch\/wp-content\/uploads\/2024\/09\/portrait_leonore_graff_NB.jpg\" alt=\"\" class=\"wp-image-317\" style=\"aspect-ratio:1;object-fit:cover\" srcset=\"https:\/\/lestisserandes.ch\/wp-content\/uploads\/2024\/09\/portrait_leonore_graff_NB.jpg 800w, https:\/\/lestisserandes.ch\/wp-content\/uploads\/2024\/09\/portrait_leonore_graff_NB-300x300.jpg 300w, https:\/\/lestisserandes.ch\/wp-content\/uploads\/2024\/09\/portrait_leonore_graff_NB-150x150.jpg 150w, https:\/\/lestisserandes.ch\/wp-content\/uploads\/2024\/09\/portrait_leonore_graff_NB-768x768.jpg 768w\" sizes=\"auto, (max-width: 800px) 100vw, 800px\" \/><\/a><\/figure>\n\n\n\n<h5 class=\"wp-block-heading\"><a href=\"https:\/\/lestisserandes.ch\/index.php\/creatrice-leonore-graff\/\">L\u00e9onore Graff, Lausanne (VD)<\/a><\/h5>\n<\/div>\n\n\n\n<div class=\"wp-block-column is-layout-flow wp-block-column-is-layout-flow\">\n<figure class=\"wp-block-image size-full\"><a href=\"https:\/\/lestisserandes.ch\/index.php\/creatrice-madeleine-leiggener\/\"><img loading=\"lazy\" decoding=\"async\" width=\"623\" height=\"623\" src=\"https:\/\/lestisserandes.ch\/wp-content\/uploads\/2024\/09\/portrait_madeleine_leiggener_NB.jpg\" alt=\"\" class=\"wp-image-322\" style=\"aspect-ratio:1;object-fit:cover\" srcset=\"https:\/\/lestisserandes.ch\/wp-content\/uploads\/2024\/09\/portrait_madeleine_leiggener_NB.jpg 623w, https:\/\/lestisserandes.ch\/wp-content\/uploads\/2024\/09\/portrait_madeleine_leiggener_NB-300x300.jpg 300w, https:\/\/lestisserandes.ch\/wp-content\/uploads\/2024\/09\/portrait_madeleine_leiggener_NB-150x150.jpg 150w\" sizes=\"auto, (max-width: 623px) 100vw, 623px\" \/><\/a><\/figure>\n\n\n\n<h5 class=\"wp-block-heading\"><a href=\"https:\/\/lestisserandes.ch\/index.php\/creatrice-madeleine-leiggener\/\">madeleine leiggener, fribourg (FR)<\/a><\/h5>\n<\/div>\n<\/div>\n\n\n\n<div style=\"height:10px\" aria-hidden=\"true\" class=\"wp-block-spacer\"><\/div>\n\n\n\n<div class=\"wp-block-columns is-layout-flex wp-container-core-columns-is-layout-28f84493 wp-block-columns-is-layout-flex\">\n<div class=\"wp-block-column is-layout-flow wp-block-column-is-layout-flow\">\n<figure class=\"wp-block-image size-full\"><a href=\"https:\/\/lestisserandes.ch\/index.php\/creatrice-stephanie-bircher\/\"><img loading=\"lazy\" decoding=\"async\" width=\"800\" height=\"801\" src=\"https:\/\/lestisserandes.ch\/wp-content\/uploads\/2024\/09\/portrait_stephanie_bircher_NB.jpg\" alt=\"\" class=\"wp-image-319\" style=\"aspect-ratio:1;object-fit:cover\" srcset=\"https:\/\/lestisserandes.ch\/wp-content\/uploads\/2024\/09\/portrait_stephanie_bircher_NB.jpg 800w, https:\/\/lestisserandes.ch\/wp-content\/uploads\/2024\/09\/portrait_stephanie_bircher_NB-300x300.jpg 300w, https:\/\/lestisserandes.ch\/wp-content\/uploads\/2024\/09\/portrait_stephanie_bircher_NB-150x150.jpg 150w, https:\/\/lestisserandes.ch\/wp-content\/uploads\/2024\/09\/portrait_stephanie_bircher_NB-768x769.jpg 768w\" sizes=\"auto, (max-width: 800px) 100vw, 800px\" \/><\/a><\/figure>\n\n\n\n<h5 class=\"wp-block-heading\"><a href=\"https:\/\/lestisserandes.ch\/index.php\/creatrice-stephanie-bircher\/\">St\u00e9phanie Bircher (VD)<\/a><\/h5>\n<\/div>\n\n\n\n<div class=\"wp-block-column is-layout-flow wp-block-column-is-layout-flow\">\n<figure class=\"wp-block-image size-full\"><a href=\"https:\/\/lestisserandes.ch\/index.php\/creatrice-sonia-both\/\"><img loading=\"lazy\" decoding=\"async\" width=\"1008\" height=\"1008\" src=\"https:\/\/lestisserandes.ch\/wp-content\/uploads\/2024\/05\/portrait_sonia_both_NB.jpg\" alt=\"\" class=\"wp-image-155\" style=\"aspect-ratio:1;object-fit:cover\" srcset=\"https:\/\/lestisserandes.ch\/wp-content\/uploads\/2024\/05\/portrait_sonia_both_NB.jpg 1008w, https:\/\/lestisserandes.ch\/wp-content\/uploads\/2024\/05\/portrait_sonia_both_NB-300x300.jpg 300w, https:\/\/lestisserandes.ch\/wp-content\/uploads\/2024\/05\/portrait_sonia_both_NB-150x150.jpg 150w, https:\/\/lestisserandes.ch\/wp-content\/uploads\/2024\/05\/portrait_sonia_both_NB-768x768.jpg 768w\" sizes=\"auto, (max-width: 1008px) 100vw, 1008px\" \/><\/a><\/figure>\n\n\n\n<h5 class=\"wp-block-heading\"><a href=\"https:\/\/lestisserandes.ch\/index.php\/creatrice-sonia-both\/\">Sonia Both, Bulle (FR)<\/a><\/h5>\n<\/div>\n\n\n\n<div class=\"wp-block-column is-layout-flow wp-block-column-is-layout-flow\">\n<h5 class=\"wp-block-heading\"><\/h5>\n<\/div>\n\n\n\n<div class=\"wp-block-column is-layout-flow wp-block-column-is-layout-flow\">\n<h5 class=\"wp-block-heading\"><\/h5>\n<\/div>\n<\/div>\n\n\n\n<p><\/p>\n","protected":false},"excerpt":{"rendered":"<p>Isabel Bustros, Goumo\u00ebns-le-Jux (VD) Nazaret Palomino, Forel-sur-Lucens (VD) Manon Koopman, RUE (FR) Na!tissage, Lausanne (VD) Lise Bertholet, Vevey (VD) Antoinette Thoma, A\u00efre (GE) L\u00e9onore Graff, Lausanne (VD) madeleine leiggener, fribourg (FR) St\u00e9phanie Bircher (VD) Sonia Both, Bulle (FR)<\/p>\n","protected":false},"author":2,"featured_media":0,"parent":0,"menu_order":0,"comment_status":"closed","ping_status":"closed","template":"","meta":{"footnotes":""},"class_list":["post-13","page","type-page","status-publish","hentry"],"_links":{"self":[{"href":"https:\/\/lestisserandes.ch\/index.php\/wp-json\/wp\/v2\/pages\/13","targetHints":{"allow":["GET"]}}],"collection":[{"href":"https:\/\/lestisserandes.ch\/index.php\/wp-json\/wp\/v2\/pages"}],"about":[{"href":"https:\/\/lestisserandes.ch\/index.php\/wp-json\/wp\/v2\/types\/page"}],"author":[{"embeddable":true,"href":"https:\/\/lestisserandes.ch\/index.php\/wp-json\/wp\/v2\/users\/2"}],"replies":[{"embeddable":true,"href":"https:\/\/lestisserandes.ch\/index.php\/wp-json\/wp\/v2\/comments?post=13"}],"version-history":[{"count":35,"href":"https:\/\/lestisserandes.ch\/index.php\/wp-json\/wp\/v2\/pages\/13\/revisions"}],"predecessor-version":[{"id":563,"href":"https:\/\/lestisserandes.ch\/index.php\/wp-json\/wp\/v2\/pages\/13\/revisions\/563"}],"wp:attachment":[{"href":"https:\/\/lestisserandes.ch\/index.php\/wp-json\/wp\/v2\/media?parent=13"}],"curies":[{"name":"wp","href":"https:\/\/api.w.org\/{rel}","templated":true}]}}