{"id":11,"date":"2024-02-04T15:47:37","date_gmt":"2024-02-04T15:47:37","guid":{"rendered":"https:\/\/lestisserandes.ch\/?page_id=11"},"modified":"2026-01-05T09:23:58","modified_gmt":"2026-01-05T09:23:58","slug":"concept","status":"publish","type":"page","link":"https:\/\/lestisserandes.ch\/","title":{"rendered":"Concept"},"content":{"rendered":"\n<p><\/p>\n\n\n\n<hr class=\"wp-block-separator has-alpha-channel-opacity\"\/>\n\n\n\n<h2 class=\"wp-block-heading\"><br>Fermeture d\u00e9finitive<\/h2>\n\n\n\n<p>Chers clients et amateurs d\u2019artisanat textile romand, chers \u00e9l\u00e8ves,<br>Nous vous informons que la boutique a ferm\u00e9 d\u00e9finitivement ses portes le samedi 03 janvier 2026, apr\u00e8s 2 ann\u00e9es d\u2019existence au Flon.\u00a0<br>Il n&rsquo;est plus possible de venir prendre un cours d\u2019initiation au tissage \u00e0 la boutique, mais Manon proposera des cours \u00e0 Rue (FR) d\u00e8s le printemps prochain (voir la\u00a0<a href=\"https:\/\/lestisserandes.ch\/index.php\/cours-de-tissage2025\/?pid=570\">page cours<\/a>\u00a0pour les infos).<\/p>\n\n\n\n<p>Concernant la vente de cr\u00e9ation textile romande, les tisserandes r\u00e9fl\u00e9chissent actuellement \u00e0 une mani\u00e8re de vendre ponctuellement dans d\u2019autres lieux.<\/p>\n\n\n\n<p>Les cr\u00e9atrices continueront ensuite leurs activit\u00e9s chacune de leur c\u00f4t\u00e9 aux quatre coins de la Suisse Romande et se retrouveront peut-\u00eatre ensemble ponctuellement pour des projets communs.<br>Nous vous remercions pour votre fid\u00e9lit\u00e9 et votre soutien durant ces 2 ann\u00e9es.<\/p>\n\n\n\n<p>Au plaisir de vous voir,<br>les tisserandes<\/p>\n\n\n\n<hr class=\"wp-block-separator has-alpha-channel-opacity\"\/>\n\n\n\n<div style=\"height:65px\" aria-hidden=\"true\" class=\"wp-block-spacer\"><\/div>\n\n\n\n<div class=\"wp-block-columns is-layout-flex wp-container-core-columns-is-layout-28f84493 wp-block-columns-is-layout-flex\">\n<div class=\"wp-block-column is-layout-flow wp-block-column-is-layout-flow\" style=\"flex-basis:100%\">\n<div class=\"wp-block-columns is-layout-flex wp-container-core-columns-is-layout-28f84493 wp-block-columns-is-layout-flex\">\n<div class=\"wp-block-column is-layout-flow wp-block-column-is-layout-flow\">\n<figure class=\"wp-block-image size-full\"><img loading=\"lazy\" decoding=\"async\" width=\"1000\" height=\"1000\" src=\"https:\/\/lestisserandes.ch\/wp-content\/uploads\/2024\/03\/20240314_153959.jpg\" alt=\"\" class=\"wp-image-96\" srcset=\"https:\/\/lestisserandes.ch\/wp-content\/uploads\/2024\/03\/20240314_153959.jpg 1000w, https:\/\/lestisserandes.ch\/wp-content\/uploads\/2024\/03\/20240314_153959-300x300.jpg 300w, https:\/\/lestisserandes.ch\/wp-content\/uploads\/2024\/03\/20240314_153959-150x150.jpg 150w, https:\/\/lestisserandes.ch\/wp-content\/uploads\/2024\/03\/20240314_153959-768x768.jpg 768w\" sizes=\"auto, (max-width: 1000px) 100vw, 1000px\" \/><\/figure>\n<\/div>\n\n\n\n<div class=\"wp-block-column is-layout-flow wp-block-column-is-layout-flow\">\n<p>Hello !<\/p>\n\n\n\n<p>Nous sommes <em><strong>les tisserandes<\/strong><\/em>, une boutique-atelier de tissage artisanal et de cr\u00e9ation textile suisse. Install\u00e9es au coeur du quartier anim\u00e9 du Flon \u00e0 Lausanne dans un espace de 20 m\u00e8tres carr\u00e9s entour\u00e9 de galeries d\u2019art, d&rsquo;artisans et de belles boutiques, nous avons ouvert nos portes au public en f\u00e9vrier 2024.<\/p>\n\n\n\n<p>Nous avons cr\u00e9\u00e9 et mis en oeuvre ce projet \u00e0 deux, avec l&rsquo;ambition de proposer un lieu unique d\u00e9di\u00e9 au tissage artisanal de la Suisse romande, offrant aux visiteurs une immersion simple et authentique dans l\u2019art du tissage. Nous pouvons \u00e9galement compter sur le soutien de donatrices et donateurs priv\u00e9s que nous remercions chaleureusement.<\/p>\n\n\n\n<p>Les produits expos\u00e9s, confectionn\u00e9s avec soin \u00e0 la main, incarnent le savoir-faire artisanal de la r\u00e9gion, dans une atmosph\u00e8re d\u00e9contract\u00e9e et accessible. <\/p>\n\n\n\n<p>La vente se fait sous forme de d\u00e9p\u00f4t-vente en partenariat avec des cr\u00e9atrices textiles suisses. <\/p>\n\n\n\n<p>Nous avons \u00e9galement un petit m\u00e9tier \u00e0 tisser sur place afin de faire des d\u00e9monstrations et des cours de tissage \u00e0 la boutique.<\/p>\n\n\n\n<p>Nous nous r\u00e9jouissons de vous accueillir et vous souhaitons la bienvenue dans notre petit cocon !<br><br>Manon &amp; Nazaret<br><\/p>\n<\/div>\n<\/div>\n<\/div>\n<\/div>\n\n\n\n<p><\/p>\n\n\n\n<p><\/p>\n\n\n\n<p><\/p>\n","protected":false},"excerpt":{"rendered":"<p>Fermeture d\u00e9finitive Chers clients et amateurs d\u2019artisanat textile romand, chers \u00e9l\u00e8ves,Nous vous informons que la boutique a ferm\u00e9 d\u00e9finitivement ses portes le samedi 03 janvier 2026, apr\u00e8s 2 ann\u00e9es d\u2019existence au Flon.\u00a0Il n&rsquo;est plus possible de venir prendre un cours d\u2019initiation au tissage \u00e0 la boutique, mais Manon proposera des cours \u00e0 Rue (FR) d\u00e8s [&hellip;]<\/p>\n","protected":false},"author":2,"featured_media":0,"parent":0,"menu_order":0,"comment_status":"closed","ping_status":"closed","template":"","meta":{"footnotes":""},"class_list":["post-11","page","type-page","status-publish","hentry"],"_links":{"self":[{"href":"https:\/\/lestisserandes.ch\/index.php\/wp-json\/wp\/v2\/pages\/11","targetHints":{"allow":["GET"]}}],"collection":[{"href":"https:\/\/lestisserandes.ch\/index.php\/wp-json\/wp\/v2\/pages"}],"about":[{"href":"https:\/\/lestisserandes.ch\/index.php\/wp-json\/wp\/v2\/types\/page"}],"author":[{"embeddable":true,"href":"https:\/\/lestisserandes.ch\/index.php\/wp-json\/wp\/v2\/users\/2"}],"replies":[{"embeddable":true,"href":"https:\/\/lestisserandes.ch\/index.php\/wp-json\/wp\/v2\/comments?post=11"}],"version-history":[{"count":14,"href":"https:\/\/lestisserandes.ch\/index.php\/wp-json\/wp\/v2\/pages\/11\/revisions"}],"predecessor-version":[{"id":618,"href":"https:\/\/lestisserandes.ch\/index.php\/wp-json\/wp\/v2\/pages\/11\/revisions\/618"}],"wp:attachment":[{"href":"https:\/\/lestisserandes.ch\/index.php\/wp-json\/wp\/v2\/media?parent=11"}],"curies":[{"name":"wp","href":"https:\/\/api.w.org\/{rel}","templated":true}]}}